{"id":983,"date":"2026-04-05T06:10:59","date_gmt":"2026-04-05T06:10:59","guid":{"rendered":"https:\/\/www.amicale-meriteagricole76.org\/?page_id=983"},"modified":"2026-04-05T06:35:09","modified_gmt":"2026-04-05T06:35:09","slug":"article-foire-concours-docteville-sur-mer","status":"publish","type":"page","link":"https:\/\/www.amicale-meriteagricole76.org\/index.php\/article-foire-concours-docteville-sur-mer\/","title":{"rendered":"Article &#8211; Foire Concours d&#8217;Octeville sur Mer"},"content":{"rendered":"\t\t<div data-elementor-type=\"wp-page\" data-elementor-id=\"983\" class=\"elementor elementor-983\" data-elementor-post-type=\"page\">\n\t\t\t\t<div class=\"elementor-element elementor-element-2ccd41b e-flex e-con-boxed e-con e-parent\" data-id=\"2ccd41b\" data-element_type=\"container\">\n\t\t\t\t\t<div class=\"e-con-inner\">\n\t\t<div class=\"elementor-element elementor-element-4517678 e-con-full e-flex e-con e-child\" data-id=\"4517678\" data-element_type=\"container\">\n\t\t\t\t<div class=\"elementor-element elementor-element-6ecbf37 elementor-widget__width-initial elementor-widget elementor-widget-heading\" data-id=\"6ecbf37\" data-element_type=\"widget\" data-widget_type=\"heading.default\">\n\t\t\t\t\t<h2 class=\"elementor-heading-title elementor-size-default\">7 MARS 2026<\/h2>\t\t\t\t<\/div>\n\t\t\t\t<div class=\"elementor-element elementor-element-ed7eca6 elementor-widget-mobile__width-initial elementor-widget-divider--view-line elementor-widget elementor-widget-divider\" data-id=\"ed7eca6\" data-element_type=\"widget\" data-widget_type=\"divider.default\">\n\t\t\t\t\t\t\t<div class=\"elementor-divider\">\n\t\t\t<span class=\"elementor-divider-separator\">\n\t\t\t\t\t\t<\/span>\n\t\t<\/div>\n\t\t\t\t\t\t<\/div>\n\t\t\t\t<\/div>\n\t\t\t\t\t<\/div>\n\t\t\t\t<\/div>\n\t\t<div class=\"elementor-element elementor-element-30c0017 e-flex e-con-boxed e-con e-parent\" data-id=\"30c0017\" data-element_type=\"container\">\n\t\t\t\t\t<div class=\"e-con-inner\">\n\t\t\t\t<div class=\"elementor-element elementor-element-b3a5993 elementor-widget elementor-widget-heading\" data-id=\"b3a5993\" data-element_type=\"widget\" data-widget_type=\"heading.default\">\n\t\t\t\t\t<h2 class=\"elementor-heading-title elementor-size-default\">Un animal d\u2019exception \u00e0 l\u2019honneur <\/h2>\t\t\t\t<\/div>\n\t\t\t\t<div class=\"elementor-element elementor-element-889b142 elementor-widget__width-initial elementor-widget elementor-widget-heading\" data-id=\"889b142\" data-element_type=\"widget\" data-widget_type=\"heading.default\">\n\t\t\t\t\t<h2 class=\"elementor-heading-title elementor-size-default\">\u00e0 la foire d\u2019Octeville-sur-Mer<\/h2>\t\t\t\t<\/div>\n\t\t\t\t<div class=\"elementor-element elementor-element-2ef68c1 elementor-widget elementor-widget-spacer\" data-id=\"2ef68c1\" data-element_type=\"widget\" data-widget_type=\"spacer.default\">\n\t\t\t\t\t\t\t<div class=\"elementor-spacer\">\n\t\t\t<div class=\"elementor-spacer-inner\"><\/div>\n\t\t<\/div>\n\t\t\t\t\t\t<\/div>\n\t\t\t\t<div class=\"elementor-element elementor-element-56d15d8 elementor-widget elementor-widget-image\" data-id=\"56d15d8\" data-element_type=\"widget\" data-widget_type=\"image.default\">\n\t\t\t\t\t\t\t\t\t\t\t\t\t\t\t<img fetchpriority=\"high\" decoding=\"async\" width=\"800\" height=\"268\" src=\"https:\/\/www.amicale-meriteagricole76.org\/wp-content\/uploads\/2026\/04\/Img_Foire-1024x343.png\" class=\"attachment-large size-large wp-image-988\" alt=\"\" srcset=\"https:\/\/www.amicale-meriteagricole76.org\/wp-content\/uploads\/2026\/04\/Img_Foire-1024x343.png 1024w, https:\/\/www.amicale-meriteagricole76.org\/wp-content\/uploads\/2026\/04\/Img_Foire-300x100.png 300w, https:\/\/www.amicale-meriteagricole76.org\/wp-content\/uploads\/2026\/04\/Img_Foire-768x257.png 768w, https:\/\/www.amicale-meriteagricole76.org\/wp-content\/uploads\/2026\/04\/Img_Foire-1536x514.png 1536w, https:\/\/www.amicale-meriteagricole76.org\/wp-content\/uploads\/2026\/04\/Img_Foire-2048x686.png 2048w\" sizes=\"(max-width: 800px) 100vw, 800px\" \/>\t\t\t\t\t\t\t\t\t\t\t\t\t\t\t<\/div>\n\t\t\t\t<div class=\"elementor-element elementor-element-3ce6f42 elementor-widget elementor-widget-heading\" data-id=\"3ce6f42\" data-element_type=\"widget\" data-widget_type=\"heading.default\">\n\t\t\t\t\t<h3 class=\"elementor-heading-title elementor-size-default\">Octeville-sur-Mer : un Prix sp\u00e9cial de l\u2019Amicale des D\u00e9cor\u00e9s du M\u00e9rite Agricole pour un\nanimal d\u2019\u00e9levage d\u2019exception<\/h3>\t\t\t\t<\/div>\n\t\t\t\t<div class=\"elementor-element elementor-element-363ccb2 elementor-widget elementor-widget-text-editor\" data-id=\"363ccb2\" data-element_type=\"widget\" data-widget_type=\"text-editor.default\">\n\t\t\t\t\t\t\t\t\t<p><span style=\"font-weight: 400;\">\u00c0 l\u2019occasion de la 167<\/span><span style=\"font-weight: 400;\">\u1d49<\/span><span style=\"font-weight: 400;\"> Foire- Concours aux animaux organis\u00e9e samedi 7 mars 2026 sur la place Pierre Leprevost \u00e0 Octeville-sur-Mer, l\u2019Amicale des D\u00e9cor\u00e9s du M\u00e9rite Agricole de Seine-Maritime a remis un Prix sp\u00e9cial de \u00ab l\u2019animal d\u2019\u00e9levage d\u2019exception \u00bb.<\/span><\/p><p><span style=\"font-weight: 400;\">Cette traditionnelle foire aux bestiaux, tr\u00e8s attendue par les \u00e9leveurs et les amateurs du monde agricole, a rassembl\u00e9 pr\u00e8s de 200 animaux pr\u00e9sent\u00e9s au public et au jury : \u00e9quid\u00e9s, ovins, caprins et bovins. Comme chaque ann\u00e9e, la qualit\u00e9 des animaux expos\u00e9s a t\u00e9moign\u00e9 du savoir-faire et de l\u2019engagement des \u00e9leveurs du territoire.<\/span><\/p><p><span style=\"font-weight: 400;\">Pour la premi\u00e8re fois de son histoire, l\u2019Amicale des D\u00e9cor\u00e9s du M\u00e9rite Agricole a souhait\u00e9 distinguer l\u2019animal unanimement reconnu par le jury comme le plus remarquable du concours. Ce prix sp\u00e9cial vise \u00e0 mettre en lumi\u00e8re l\u2019excellence du travail d\u2019\u00e9levage et l\u2019attention port\u00e9e \u00e0 la s\u00e9lection et au soin des animaux.<\/span><\/p><p><span style=\"font-weight: 400;\">Cette distinction a \u00e9t\u00e9 attribu\u00e9e \u00e0 Sylvain Lecacheur, \u00e9leveur \u00e0 Auberville-la-Renault, pour l\u2019un de ses animaux particuli\u00e8rement remarqu\u00e9 lors du concours.<\/span><\/p><p><span style=\"font-weight: 400;\">La plaque tricolore qui lui a \u00e9t\u00e9 remise s\u2019accompagnait d\u2019une dotation financi\u00e8re, marque de l\u2019estime des membres de l\u2019Amicale et reconnaissance du travail accompli. Par ce geste, les m\u00e9daill\u00e9s seinomarins de l\u2019Ordre du M\u00e9rite Agricole ont souhait\u00e9 saluer l\u2019engagement, le savoir-faire et l\u2019exigence dont fait preuve l\u2019\u00e9leveur dans son activit\u00e9, tout en l\u2019encourageant \u00e0 poursuivre dans cette voie d\u2019excellence.<\/span><\/p><p><span style=\"font-weight: 400;\">Cette nouvelle distinction s\u2019inscrira durablement dans les traditions de la foire, afin de continuer \u00e0 valoriser la qualit\u00e9 de l\u2019\u00e9levage, de soutenir de jeunes \u00e9leveurs m\u00e9ritants et passionn\u00e9s et enfin l\u2019investissement des professionnels qui font vivre l\u2019agriculture locale.<\/span><\/p>\t\t\t\t\t\t\t\t<\/div>\n\t\t\t\t\t<\/div>\n\t\t\t\t<\/div>\n\t\t\t\t<\/div>\n\t\t","protected":false},"excerpt":{"rendered":"<p>7 MARS 2026 Un animal d\u2019exception \u00e0 l\u2019honneur \u00e0 la foire d\u2019Octeville-sur-Mer Octeville-sur-Mer : un Prix sp\u00e9cial de l\u2019Amicale des D\u00e9cor\u00e9s du M\u00e9rite Agricole pour un animal d\u2019\u00e9levage d\u2019exception \u00c0 l\u2019occasion de la 167\u1d49 Foire- Concours aux animaux organis\u00e9e samedi 7 mars 2026 sur la place Pierre Leprevost \u00e0 Octeville-sur-Mer, l\u2019Amicale des D\u00e9cor\u00e9s du M\u00e9rite [&hellip;]<\/p>\n","protected":false},"author":1,"featured_media":0,"parent":0,"menu_order":0,"comment_status":"closed","ping_status":"closed","template":"","meta":{"footnotes":""},"class_list":["post-983","page","type-page","status-publish","hentry"],"_links":{"self":[{"href":"https:\/\/www.amicale-meriteagricole76.org\/index.php\/wp-json\/wp\/v2\/pages\/983","targetHints":{"allow":["GET"]}}],"collection":[{"href":"https:\/\/www.amicale-meriteagricole76.org\/index.php\/wp-json\/wp\/v2\/pages"}],"about":[{"href":"https:\/\/www.amicale-meriteagricole76.org\/index.php\/wp-json\/wp\/v2\/types\/page"}],"author":[{"embeddable":true,"href":"https:\/\/www.amicale-meriteagricole76.org\/index.php\/wp-json\/wp\/v2\/users\/1"}],"replies":[{"embeddable":true,"href":"https:\/\/www.amicale-meriteagricole76.org\/index.php\/wp-json\/wp\/v2\/comments?post=983"}],"version-history":[{"count":25,"href":"https:\/\/www.amicale-meriteagricole76.org\/index.php\/wp-json\/wp\/v2\/pages\/983\/revisions"}],"predecessor-version":[{"id":1030,"href":"https:\/\/www.amicale-meriteagricole76.org\/index.php\/wp-json\/wp\/v2\/pages\/983\/revisions\/1030"}],"wp:attachment":[{"href":"https:\/\/www.amicale-meriteagricole76.org\/index.php\/wp-json\/wp\/v2\/media?parent=983"}],"curies":[{"name":"wp","href":"https:\/\/api.w.org\/{rel}","templated":true}]}}