{"id":87,"date":"2025-11-17T20:12:46","date_gmt":"2025-11-17T20:12:46","guid":{"rendered":"https:\/\/www.amicale-meriteagricole76.org\/?page_id=87"},"modified":"2026-03-05T08:55:55","modified_gmt":"2026-03-05T08:55:55","slug":"mentions-legales","status":"publish","type":"page","link":"https:\/\/www.amicale-meriteagricole76.org\/index.php\/mentions-legales\/","title":{"rendered":"Mentions L\u00e9gales"},"content":{"rendered":"\t\t<div data-elementor-type=\"wp-page\" data-elementor-id=\"87\" class=\"elementor elementor-87\" data-elementor-post-type=\"page\">\n\t\t\t\t<div class=\"elementor-element elementor-element-2b60f86 e-flex e-con-boxed e-con e-parent\" data-id=\"2b60f86\" data-element_type=\"container\">\n\t\t\t\t\t<div class=\"e-con-inner\">\n\t\t<div class=\"elementor-element elementor-element-08c30cf e-con-full e-flex e-con e-child\" data-id=\"08c30cf\" data-element_type=\"container\">\n\t\t\t\t<div class=\"elementor-element elementor-element-5c31e00 elementor-widget__width-auto elementor-widget elementor-widget-heading\" data-id=\"5c31e00\" data-element_type=\"widget\" data-widget_type=\"heading.default\">\n\t\t\t\t\t<h2 class=\"elementor-heading-title elementor-size-default\">Mentions<\/h2>\t\t\t\t<\/div>\n\t\t\t\t<div class=\"elementor-element elementor-element-f5decea elementor-widget__width-auto elementor-widget elementor-widget-heading\" data-id=\"f5decea\" data-element_type=\"widget\" data-widget_type=\"heading.default\">\n\t\t\t\t\t<h2 class=\"elementor-heading-title elementor-size-default\">L\u00e9gales<\/h2>\t\t\t\t<\/div>\n\t\t\t\t<\/div>\n\t\t\t\t\t<\/div>\n\t\t\t\t<\/div>\n\t\t<div class=\"elementor-element elementor-element-4ad5fd2 e-flex e-con-boxed e-con e-parent\" data-id=\"4ad5fd2\" data-element_type=\"container\">\n\t\t\t\t\t<div class=\"e-con-inner\">\n\t\t\t\t<div class=\"elementor-element elementor-element-0041892 elementor-widget elementor-widget-heading\" data-id=\"0041892\" data-element_type=\"widget\" data-widget_type=\"heading.default\">\n\t\t\t\t\t<h2 class=\"elementor-heading-title elementor-size-default\">\u00c9diteur<\/h2>\t\t\t\t<\/div>\n\t\t\t\t<div class=\"elementor-element elementor-element-16c1a16 elementor-widget elementor-widget-text-editor\" data-id=\"16c1a16\" data-element_type=\"widget\" data-widget_type=\"text-editor.default\">\n\t\t\t\t\t\t\t\t\t<p>\u2192 Le site amicale-meriteagricole76.org est <strong>\u00e9dit\u00e9 par ADMA76 l\u2019Amicale des d\u00e9cor\u00e9s du M\u00e9rite agricole de Seine-Maritime<\/strong> ayant son si\u00e8ge social au 26 Clos des Cerisiers, 76480 Sainte-Marguerite sur Duclair \u2013 France <br \/>\u2192 <strong>N\u00b0 Siret :<\/strong> 51021847200015 <br \/>\u2192 Association r\u00e9gie par la loi du 1er juillet 1901 <br \/>\u2192 <strong>Adresse email : secretariat.adma76@orange.fr<b>\u00a0<\/b><\/strong><\/p>\t\t\t\t\t\t\t\t<\/div>\n\t\t\t\t\t<\/div>\n\t\t\t\t<\/div>\n\t\t<div class=\"elementor-element elementor-element-f81ec91 e-flex e-con-boxed e-con e-parent\" data-id=\"f81ec91\" data-element_type=\"container\">\n\t\t\t\t\t<div class=\"e-con-inner\">\n\t\t\t\t<div class=\"elementor-element elementor-element-a2ca442 elementor-widget elementor-widget-heading\" data-id=\"a2ca442\" data-element_type=\"widget\" data-widget_type=\"heading.default\">\n\t\t\t\t\t<h2 class=\"elementor-heading-title elementor-size-default\">Directeur de la publication<\/h2>\t\t\t\t<\/div>\n\t\t\t\t<div class=\"elementor-element elementor-element-4505755 elementor-widget elementor-widget-text-editor\" data-id=\"4505755\" data-element_type=\"widget\" data-widget_type=\"text-editor.default\">\n\t\t\t\t\t\t\t\t\t<p><strong>Nicole Lavie<\/strong>, Pr\u00e9sidente de l\u2019Amicale des d\u00e9cor\u00e9s du M\u00e9rite agricole de Seine-Maritime<\/p>\t\t\t\t\t\t\t\t<\/div>\n\t\t\t\t\t<\/div>\n\t\t\t\t<\/div>\n\t\t<div class=\"elementor-element elementor-element-0f03042 e-flex e-con-boxed e-con e-parent\" data-id=\"0f03042\" data-element_type=\"container\">\n\t\t\t\t\t<div class=\"e-con-inner\">\n\t\t\t\t<div class=\"elementor-element elementor-element-5486bad elementor-widget elementor-widget-heading\" data-id=\"5486bad\" data-element_type=\"widget\" data-widget_type=\"heading.default\">\n\t\t\t\t\t<h2 class=\"elementor-heading-title elementor-size-default\">Conception et h\u00e9bergement du site<\/h2>\t\t\t\t<\/div>\n\t\t\t\t<div class=\"elementor-element elementor-element-9aa0416 elementor-widget elementor-widget-text-editor\" data-id=\"9aa0416\" data-element_type=\"widget\" data-widget_type=\"text-editor.default\">\n\t\t\t\t\t\t\t\t\t<p>La conception technique et graphique du site amicale-meriteagricole76.org ont \u00e9t\u00e9 <strong>r\u00e9alis\u00e9s par Emma Bouchy<\/strong>.<br \/>Adresse e-mail : emma.bouchy@gmail.com<br \/><br \/>Le site amicale-meriteagricole76.org est <strong>h\u00e9berg\u00e9 par OVH<\/strong>. <br \/>Si\u00e8ge social : \u00a02 rue Kellermann &#8211; 59100 Roubaix &#8211; France RCS Lille M\u00e9tropole 424 761 419 00045<\/p>\t\t\t\t\t\t\t\t<\/div>\n\t\t\t\t\t<\/div>\n\t\t\t\t<\/div>\n\t\t<div class=\"elementor-element elementor-element-6cf431e e-flex e-con-boxed e-con e-parent\" data-id=\"6cf431e\" data-element_type=\"container\">\n\t\t\t\t\t<div class=\"e-con-inner\">\n\t\t\t\t<div class=\"elementor-element elementor-element-bb777cd elementor-widget elementor-widget-heading\" data-id=\"bb777cd\" data-element_type=\"widget\" data-widget_type=\"heading.default\">\n\t\t\t\t\t<h2 class=\"elementor-heading-title elementor-size-default\">Propri\u00e9t\u00e9 intellectuelle<\/h2>\t\t\t\t<\/div>\n\t\t\t\t<div class=\"elementor-element elementor-element-5c674d3 elementor-widget elementor-widget-text-editor\" data-id=\"5c674d3\" data-element_type=\"widget\" data-widget_type=\"text-editor.default\">\n\t\t\t\t\t\t\t\t\t<p>L\u2019ensemble de ce site rel\u00e8ve de la l\u00e9gislation fran\u00e7aise et internationale sur le droit d\u2019auteur et la propri\u00e9t\u00e9 intellectuelle. Tous les \u00e9l\u00e9ments du site amicale-meriteagricole76.org (textes, photographies, illustrations, logos, fichiers disponibles en t\u00e9l\u00e9chargement, base de donn\u00e9es figurant sur le site, charte graphique, architecture du site) sont la propri\u00e9t\u00e9 de l\u2019Amicale des d\u00e9cor\u00e9s du M\u00e9rite agricole de Seine-Maritime. Conform\u00e9ment \u00e0 l\u2019article L. 122-4 du Code de la propri\u00e9t\u00e9 intellectuelle, toute repr\u00e9sentation, reproduction, traduction, adaptation, transformation int\u00e9grale ou partielle des textes et\/ou des \u0153uvres de ce site faite sans le consentement de l\u2019Amicale des d\u00e9cor\u00e9s du M\u00e9rite agricole de Seine-Maritime est interdite.<\/p>\t\t\t\t\t\t\t\t<\/div>\n\t\t\t\t\t<\/div>\n\t\t\t\t<\/div>\n\t\t\t\t<\/div>\n\t\t","protected":false},"excerpt":{"rendered":"<p>Mentions L\u00e9gales \u00c9diteur \u2192 Le site amicale-meriteagricole76.org est \u00e9dit\u00e9 par ADMA76 l\u2019Amicale des d\u00e9cor\u00e9s du M\u00e9rite agricole de Seine-Maritime ayant son si\u00e8ge social au 26 Clos des Cerisiers, 76480 Sainte-Marguerite sur Duclair \u2013 France \u2192 N\u00b0 Siret : 51021847200015 \u2192 Association r\u00e9gie par la loi du 1er juillet 1901 \u2192 Adresse email : secretariat.adma76@orange.fr\u00a0 Directeur [&hellip;]<\/p>\n","protected":false},"author":1,"featured_media":0,"parent":0,"menu_order":0,"comment_status":"closed","ping_status":"closed","template":"","meta":{"footnotes":""},"class_list":["post-87","page","type-page","status-publish","hentry"],"_links":{"self":[{"href":"https:\/\/www.amicale-meriteagricole76.org\/index.php\/wp-json\/wp\/v2\/pages\/87","targetHints":{"allow":["GET"]}}],"collection":[{"href":"https:\/\/www.amicale-meriteagricole76.org\/index.php\/wp-json\/wp\/v2\/pages"}],"about":[{"href":"https:\/\/www.amicale-meriteagricole76.org\/index.php\/wp-json\/wp\/v2\/types\/page"}],"author":[{"embeddable":true,"href":"https:\/\/www.amicale-meriteagricole76.org\/index.php\/wp-json\/wp\/v2\/users\/1"}],"replies":[{"embeddable":true,"href":"https:\/\/www.amicale-meriteagricole76.org\/index.php\/wp-json\/wp\/v2\/comments?post=87"}],"version-history":[{"count":19,"href":"https:\/\/www.amicale-meriteagricole76.org\/index.php\/wp-json\/wp\/v2\/pages\/87\/revisions"}],"predecessor-version":[{"id":972,"href":"https:\/\/www.amicale-meriteagricole76.org\/index.php\/wp-json\/wp\/v2\/pages\/87\/revisions\/972"}],"wp:attachment":[{"href":"https:\/\/www.amicale-meriteagricole76.org\/index.php\/wp-json\/wp\/v2\/media?parent=87"}],"curies":[{"name":"wp","href":"https:\/\/api.w.org\/{rel}","templated":true}]}}